
{"id":23,"date":"2015-03-08T21:40:59","date_gmt":"2015-03-08T21:40:59","guid":{"rendered":"http:\/\/demo.lollum.com\/milkit\/?page_id=23"},"modified":"2026-03-27T22:44:33","modified_gmt":"2026-03-27T21:44:33","slug":"sarahroubato","status":"publish","type":"page","link":"https:\/\/www.sarahroubato.com\/es\/sarahroubato\/","title":{"rendered":"Sarah Roubato"},"content":{"rendered":"<p>cliquez<strong> <a href=\"https:\/\/www.sarahroubato.com\/wp-content\/uploads\/2019\/02\/SRoubato-pre\u0301sentation-courte.pdf\">ici<\/a>\u00a0<\/strong>pour visualiser au format pdf<\/p>\n<p>Pisteuse de paroles, \u00e9couteuse \u00e0 temps plein, anthropologue, auteur compositeur interpr\u00e8te, bloggueuse, \u00e9crivain, Sarah Roubato travaille toujours avec les mots. Elle les \u00e9crit, les chante ou les enregistre.<\/p>\n<figure id=\"attachment_2704\" aria-describedby=\"caption-attachment-2704\" style=\"width: 468px\" class=\"wp-caption alignleft\"><img loading=\"lazy\" class=\"wp-image-2704\" src=\"https:\/\/www.sarahroubato.com\/wp-content\/uploads\/2018\/08\/005A1322-1024x683.jpg\" alt=\"\" width=\"468\" height=\"312\" srcset=\"https:\/\/www.sarahroubato.com\/wp-content\/uploads\/2018\/08\/005A1322-1024x683.jpg 1024w, https:\/\/www.sarahroubato.com\/wp-content\/uploads\/2018\/08\/005A1322-150x100.jpg 150w, https:\/\/www.sarahroubato.com\/wp-content\/uploads\/2018\/08\/005A1322-300x200.jpg 300w, https:\/\/www.sarahroubato.com\/wp-content\/uploads\/2018\/08\/005A1322-768x512.jpg 768w, https:\/\/www.sarahroubato.com\/wp-content\/uploads\/2018\/08\/005A1322-600x400.jpg 600w, https:\/\/www.sarahroubato.com\/wp-content\/uploads\/2018\/08\/005A1322-440x293.jpg 440w, https:\/\/www.sarahroubato.com\/wp-content\/uploads\/2018\/08\/005A1322-650x433.jpg 650w, https:\/\/www.sarahroubato.com\/wp-content\/uploads\/2018\/08\/005A1322-886x590.jpg 886w\" sizes=\"(max-width: 468px) 100vw, 468px\" \/><figcaption id=\"caption-attachment-2704\" class=\"wp-caption-text\">Catherine Gugelmann\/Opale Leemage<\/figcaption><\/figure>\n<p>Quand les routes toutes trac\u00e9es passent au-dessus des terrains les plus riches, elle n\u2019h\u00e9site pas \u00e0 les quitter et \u00e0 prendre les tournants. Des grandes \u00e9coles fran\u00e7aises aux universit\u00e9s qu\u00e9b\u00e9coises, des colloques au terrain de recherche, des murs du conservatoire \u00e0 l\u2019\u00e9cole des bars et des petites sc\u00e8nes, de l\u2019\u00e9criture aux portraits sonores, elle ne perd jamais son verbe\u00a0: exprimer les potentiels.<\/p>\n<p>&nbsp;<\/p>\n<p>&nbsp;<\/p>\n<figure id=\"attachment_2703\" aria-describedby=\"caption-attachment-2703\" style=\"width: 390px\" class=\"wp-caption alignright\"><img loading=\"lazy\" class=\"wp-image-2703\" src=\"https:\/\/www.sarahroubato.com\/wp-content\/uploads\/2018\/08\/005A1244-1024x683.jpg\" alt=\"\" width=\"390\" height=\"260\" srcset=\"https:\/\/www.sarahroubato.com\/wp-content\/uploads\/2018\/08\/005A1244-1024x683.jpg 1024w, https:\/\/www.sarahroubato.com\/wp-content\/uploads\/2018\/08\/005A1244-150x100.jpg 150w, https:\/\/www.sarahroubato.com\/wp-content\/uploads\/2018\/08\/005A1244-300x200.jpg 300w, https:\/\/www.sarahroubato.com\/wp-content\/uploads\/2018\/08\/005A1244-768x512.jpg 768w, https:\/\/www.sarahroubato.com\/wp-content\/uploads\/2018\/08\/005A1244-600x400.jpg 600w, https:\/\/www.sarahroubato.com\/wp-content\/uploads\/2018\/08\/005A1244-440x293.jpg 440w, https:\/\/www.sarahroubato.com\/wp-content\/uploads\/2018\/08\/005A1244-650x433.jpg 650w, https:\/\/www.sarahroubato.com\/wp-content\/uploads\/2018\/08\/005A1244-886x590.jpg 886w\" sizes=\"(max-width: 390px) 100vw, 390px\" \/><figcaption id=\"caption-attachment-2703\" class=\"wp-caption-text\">Catherine Gugelmann\/Opale Leemage<\/figcaption><\/figure>\n<p>\u00c0 la recherche d\u2019une litt\u00e9rature incarn\u00e9e, elle \u00e9tudie l\u2019anthropologie pendant cinq ans et se rend treize fois au Maroc pour vivre avec les Berb\u00e8res du Haut Atlas, dont elle apprend la langue et enregistre des milliers de tr\u00e9sors d\u2019oralit\u00e9. Elle monte des spectacles m\u00ealant chanson et th\u00e9\u00e2tre, s\u2019accompagnant au piano et \u00e0 la guitare et continue \u00e0 noircir des cahiers et empile les manuscrits.<\/p>\n<p>Sarah a \u00e9crit une centaine d\u2019articles sur son blog sarahroubato.com, o\u00f9 elle questionne les grands enjeux contemporains \u2013 notre rapport au vivant, aux nouvelles technologies, \u00e0 la diversit\u00e9 \u2013 par la lorgnette du quotidien et de l\u2019infime. \u00c0 l\u2019\u00e9t\u00e9 2015, elle \u00e9crit dans un cahier des lettres adress\u00e9es \u00e0 destinataires qui ne peuvent pas r\u00e9pondre. En novembre, une semaine apr\u00e8s les attentats du Bataclan, elle \u00e9crit sur le blog de Mediapart \u00ab\u00a0Lettre \u00e0 ma g\u00e9n\u00e9ration\u00a0: pourquoi je n\u2019irai pas qu\u2019en terrasse\u00a0\u00bb. Ce billet post\u00e9 sur un groupe Facebook est lu par 1.5 millions de personnes en trois jours, devenant l\u2019article le plus lu de l\u2019histoire du journal. Le recueil <em>Lettres \u00e0 ma g\u00e9n\u00e9ration <\/em>(ed Michel Lafon) est son premier livre.<\/p>\n<figure id=\"attachment_2702\" aria-describedby=\"caption-attachment-2702\" style=\"width: 326px\" class=\"wp-caption alignleft\"><img loading=\"lazy\" class=\"wp-image-2702\" src=\"https:\/\/www.sarahroubato.com\/wp-content\/uploads\/2018\/08\/005A1210-683x1024.jpg\" alt=\"\" width=\"326\" height=\"488\" srcset=\"https:\/\/www.sarahroubato.com\/wp-content\/uploads\/2018\/08\/005A1210-683x1024.jpg 683w, https:\/\/www.sarahroubato.com\/wp-content\/uploads\/2018\/08\/005A1210-100x150.jpg 100w, https:\/\/www.sarahroubato.com\/wp-content\/uploads\/2018\/08\/005A1210-200x300.jpg 200w, https:\/\/www.sarahroubato.com\/wp-content\/uploads\/2018\/08\/005A1210-768x1152.jpg 768w, https:\/\/www.sarahroubato.com\/wp-content\/uploads\/2018\/08\/005A1210-600x900.jpg 600w\" sizes=\"(max-width: 326px) 100vw, 326px\" \/><figcaption id=\"caption-attachment-2702\" class=\"wp-caption-text\">Catherine Gugelmann\/Opale Leemage<\/figcaption><\/figure>\n<p>Depuis deux ans, Sarah met \u00e0 profit sa m\u00e9thode anthropologique, son oreille musicale et son amour des mots, en enregistrant des personnes qui r\u00e9inventent leur m\u00e9tier. Elle cr\u00e9e une s\u00e9rie de portraits sonores, <em>L\u2019extraordinaire au quotidien<\/em>, qu\u2019elle pr\u00e9sente dans des veill\u00e9es d\u2019\u00e9coutes collectives. En 2018, elle est invit\u00e9e par Michel Onfray \u00e0 donner \u00e0 l\u2019Universit\u00e9 Populaire de Caen un s\u00e9minaire \u00e0 partir de ses recherches, <em>Anthropologie des semeurs du changement<\/em>. Elle s\u2019attelle \u00e0 de nouveaux manuscrits et organise plusieurs tourn\u00e9es par an aupr\u00e8s de ses lecteurs.<\/p>\n<p><strong>Sur ce site vous trouverez :<\/strong><\/p>\n<p><strong>Les portraits sonores <\/strong><strong>L<em>&#8216;extraordinaire<\/em><\/strong><em><strong><em> au<\/em> quotidien : <\/strong><\/em>portraits sonores de gens rencontr\u00e9s au coin de la rue qui cultivent l&#8217;extraordinaire au quotidien<\/p>\n<p><strong>Les entretiens Dans<em> la loge de l\u2019artiste <\/em><\/strong> ,<strong>\u00a0<\/strong> avec des artistes, loin du ton promotionnel, libre et intime.<\/p>\n<p><strong>La chronique Soci\u00e9t\u00e9 <em>Des sc\u00e8nes au quotidien, <\/em><\/strong>pour saisir derri\u00e8re les petites sc\u00e8nes de notre quotidien la soci\u00e9t\u00e9 que nous faisons.<\/p>\n<p><strong>La chronique Art et soci\u00e9t\u00e9 De<em> la sc\u00e8ne au quotidien<\/em>, <\/strong>pour voir comment un artiste nous ram\u00e8ne \u00e0 notre vie intime et pour voir l\u2019arri\u00e8re-sc\u00e8ne de ces m\u00e9tiers<\/p>","protected":false},"excerpt":{"rendered":"<p>cliquez ici\u00a0pour visualiser au format pdf Pisteuse de paroles, \u00e9couteuse \u00e0 temps plein, anthropologue, auteur compositeur interpr\u00e8te, bloggueuse, \u00e9crivain, Sarah Roubato travaille toujours avec les mots. Elle les \u00e9crit, les chante ou les enregistre. Quand les routes toutes trac\u00e9es passent au-dessus des terrains les plus riches, elle n\u2019h\u00e9site pas \u00e0 les quitter et \u00e0 prendre [&hellip;]<\/p>\n","protected":false},"author":2,"featured_media":6623,"parent":0,"menu_order":0,"comment_status":"closed","ping_status":"closed","template":"","meta":{"spay_email":""},"acf":[],"yoast_head":"<!-- This site is optimized with the Yoast SEO plugin v18.4.1 - https:\/\/yoast.com\/wordpress\/plugins\/seo\/ -->\n<title>Sarah Roubato<\/title>\n<meta name=\"description\" content=\"Sarah Roubato, Sarah Roubato Article,\" \/>\n<meta name=\"robots\" content=\"index, follow, max-snippet:-1, max-image-preview:large, max-video-preview:-1\" \/>\n<link rel=\"canonical\" href=\"https:\/\/www.sarahroubato.com\/sarahroubato\/\" \/>\n<meta property=\"og:locale\" content=\"es_ES\" \/>\n<meta property=\"og:type\" content=\"article\" \/>\n<meta property=\"og:title\" content=\"Sarah Roubato\" \/>\n<meta property=\"og:description\" content=\"Sarah Roubato, Sarah Roubato Article,\" \/>\n<meta property=\"og:url\" content=\"https:\/\/www.sarahroubato.com\/sarahroubato\/\" \/>\n<meta property=\"og:site_name\" content=\"Sarah Roubato\" \/>\n<meta property=\"article:modified_time\" content=\"2026-03-27T21:44:33+00:00\" \/>\n<meta property=\"og:image\" content=\"https:\/\/www.sarahroubato.com\/wp-content\/uploads\/2025\/06\/Sarah-par-Claudia3-re\u0301duite-scaled.jpeg\" \/>\n\t<meta property=\"og:image:width\" content=\"1707\" \/>\n\t<meta property=\"og:image:height\" content=\"2560\" \/>\n\t<meta property=\"og:image:type\" content=\"image\/jpeg\" \/>\n<meta name=\"twitter:card\" content=\"summary\" \/>\n<meta name=\"twitter:label1\" content=\"Tiempo de lectura\" \/>\n\t<meta name=\"twitter:data1\" content=\"7 minutos\" \/>\n<script type=\"application\/ld+json\" class=\"yoast-schema-graph\">{\"@context\":\"https:\/\/schema.org\",\"@graph\":[{\"@type\":\"WebSite\",\"@id\":\"https:\/\/www.sarahroubato.com\/#website\",\"url\":\"https:\/\/www.sarahroubato.com\/\",\"name\":\"Sarah Roubato\",\"description\":\"Desarrollar el potencial de las personas y de la sociedad\",\"potentialAction\":[{\"@type\":\"SearchAction\",\"target\":{\"@type\":\"EntryPoint\",\"urlTemplate\":\"https:\/\/www.sarahroubato.com\/?s={search_term_string}\"},\"query-input\":\"required name=search_term_string\"}],\"inLanguage\":\"es\"},{\"@type\":\"ImageObject\",\"@id\":\"https:\/\/www.sarahroubato.com\/sarahroubato\/#primaryimage\",\"inLanguage\":\"es\",\"url\":\"https:\/\/www.sarahroubato.com\/wp-content\/uploads\/2025\/06\/Sarah-par-Claudia3-re\u0301duite-scaled.jpeg\",\"contentUrl\":\"https:\/\/www.sarahroubato.com\/wp-content\/uploads\/2025\/06\/Sarah-par-Claudia3-re\u0301duite-scaled.jpeg\",\"width\":1707,\"height\":2560},{\"@type\":\"WebPage\",\"@id\":\"https:\/\/www.sarahroubato.com\/sarahroubato\/#webpage\",\"url\":\"https:\/\/www.sarahroubato.com\/sarahroubato\/\",\"name\":\"Sarah Roubato\",\"isPartOf\":{\"@id\":\"https:\/\/www.sarahroubato.com\/#website\"},\"primaryImageOfPage\":{\"@id\":\"https:\/\/www.sarahroubato.com\/sarahroubato\/#primaryimage\"},\"datePublished\":\"2015-03-08T21:40:59+00:00\",\"dateModified\":\"2026-03-27T21:44:33+00:00\",\"description\":\"Sarah Roubato, Sarah Roubato Article,\",\"breadcrumb\":{\"@id\":\"https:\/\/www.sarahroubato.com\/sarahroubato\/#breadcrumb\"},\"inLanguage\":\"es\",\"potentialAction\":[{\"@type\":\"ReadAction\",\"target\":[\"https:\/\/www.sarahroubato.com\/sarahroubato\/\"]}]},{\"@type\":\"BreadcrumbList\",\"@id\":\"https:\/\/www.sarahroubato.com\/sarahroubato\/#breadcrumb\",\"itemListElement\":[{\"@type\":\"ListItem\",\"position\":1,\"name\":\"Accueil\",\"item\":\"https:\/\/www.sarahroubato.com\/\"},{\"@type\":\"ListItem\",\"position\":2,\"name\":\"Sarah Roubato\"}]}]}<\/script>\n<!-- \/ Yoast SEO plugin. -->","yoast_head_json":{"title":"Sarah Roubato","description":"Sarah Roubato, Sarah Roubato Article,","robots":{"index":"index","follow":"follow","max-snippet":"max-snippet:-1","max-image-preview":"max-image-preview:large","max-video-preview":"max-video-preview:-1"},"canonical":"https:\/\/www.sarahroubato.com\/sarahroubato\/","og_locale":"es_ES","og_type":"article","og_title":"Sarah Roubato","og_description":"Sarah Roubato, Sarah Roubato Article,","og_url":"https:\/\/www.sarahroubato.com\/sarahroubato\/","og_site_name":"Sarah Roubato","article_modified_time":"2026-03-27T21:44:33+00:00","og_image":[{"width":1707,"height":2560,"url":"https:\/\/www.sarahroubato.com\/wp-content\/uploads\/2025\/06\/Sarah-par-Claudia3-re\u0301duite-scaled.jpeg","type":"image\/jpeg"}],"twitter_card":"summary","twitter_misc":{"Tiempo de lectura":"7 minutos"},"schema":{"@context":"https:\/\/schema.org","@graph":[{"@type":"WebSite","@id":"https:\/\/www.sarahroubato.com\/#website","url":"https:\/\/www.sarahroubato.com\/","name":"Sarah Roubato","description":"Desarrollar el potencial de las personas y de la sociedad","potentialAction":[{"@type":"SearchAction","target":{"@type":"EntryPoint","urlTemplate":"https:\/\/www.sarahroubato.com\/?s={search_term_string}"},"query-input":"required name=search_term_string"}],"inLanguage":"es"},{"@type":"ImageObject","@id":"https:\/\/www.sarahroubato.com\/sarahroubato\/#primaryimage","inLanguage":"es","url":"https:\/\/www.sarahroubato.com\/wp-content\/uploads\/2025\/06\/Sarah-par-Claudia3-re\u0301duite-scaled.jpeg","contentUrl":"https:\/\/www.sarahroubato.com\/wp-content\/uploads\/2025\/06\/Sarah-par-Claudia3-re\u0301duite-scaled.jpeg","width":1707,"height":2560},{"@type":"WebPage","@id":"https:\/\/www.sarahroubato.com\/sarahroubato\/#webpage","url":"https:\/\/www.sarahroubato.com\/sarahroubato\/","name":"Sarah Roubato","isPartOf":{"@id":"https:\/\/www.sarahroubato.com\/#website"},"primaryImageOfPage":{"@id":"https:\/\/www.sarahroubato.com\/sarahroubato\/#primaryimage"},"datePublished":"2015-03-08T21:40:59+00:00","dateModified":"2026-03-27T21:44:33+00:00","description":"Sarah Roubato, Sarah Roubato Article,","breadcrumb":{"@id":"https:\/\/www.sarahroubato.com\/sarahroubato\/#breadcrumb"},"inLanguage":"es","potentialAction":[{"@type":"ReadAction","target":["https:\/\/www.sarahroubato.com\/sarahroubato\/"]}]},{"@type":"BreadcrumbList","@id":"https:\/\/www.sarahroubato.com\/sarahroubato\/#breadcrumb","itemListElement":[{"@type":"ListItem","position":1,"name":"Accueil","item":"https:\/\/www.sarahroubato.com\/"},{"@type":"ListItem","position":2,"name":"Sarah Roubato"}]}]}},"_links":{"self":[{"href":"https:\/\/www.sarahroubato.com\/es\/wp-json\/wp\/v2\/pages\/23"}],"collection":[{"href":"https:\/\/www.sarahroubato.com\/es\/wp-json\/wp\/v2\/pages"}],"about":[{"href":"https:\/\/www.sarahroubato.com\/es\/wp-json\/wp\/v2\/types\/page"}],"author":[{"embeddable":true,"href":"https:\/\/www.sarahroubato.com\/es\/wp-json\/wp\/v2\/users\/2"}],"replies":[{"embeddable":true,"href":"https:\/\/www.sarahroubato.com\/es\/wp-json\/wp\/v2\/comments?post=23"}],"version-history":[{"count":111,"href":"https:\/\/www.sarahroubato.com\/es\/wp-json\/wp\/v2\/pages\/23\/revisions"}],"predecessor-version":[{"id":6806,"href":"https:\/\/www.sarahroubato.com\/es\/wp-json\/wp\/v2\/pages\/23\/revisions\/6806"}],"wp:featuredmedia":[{"embeddable":true,"href":"https:\/\/www.sarahroubato.com\/es\/wp-json\/wp\/v2\/media\/6623"}],"wp:attachment":[{"href":"https:\/\/www.sarahroubato.com\/es\/wp-json\/wp\/v2\/media?parent=23"}],"curies":[{"name":"wp","href":"https:\/\/api.w.org\/{rel}","templated":true}]}}